{"id":2152,"date":"2020-05-12T14:03:23","date_gmt":"2020-05-12T14:03:23","guid":{"rendered":"https:\/\/digit4kids.pl\/?page_id=2152"},"modified":"2020-05-12T14:36:04","modified_gmt":"2020-05-12T14:36:04","slug":"regulamin","status":"publish","type":"page","link":"https:\/\/digit4kids.pl\/index.php\/regulamin\/","title":{"rendered":""},"content":{"rendered":"\n<p class=\"has-text-align-left\">REGULAMIN CYKLU WARSZTAT\u00d3W ONLINE ORGANIZOWANYCH <br>\nPRZEZ STOWARZYSZENIE WOMEN IN TECHNOLOGY POLAND<\/p>\n\n\n\n<p class=\"has-text-align-left\"><strong>\u00a71 Postanowienia og\u00f3lne<\/strong><\/p>\n\n\n\n<ol><li>Niniejszy dokument okre\u015bla zasady oraz warunki uczestnictwa w warsztatach online.<\/li><li>Na potrzeby realizacji warsztat\u00f3w online, zosta\u0142y przyj\u0119te nast\u0119puj\u0105ce definicje:<ol><li>Regulamin &#8211; niniejszy regulamin,<\/li><li>Organizator &#8211; Stowarzyszenie Women in Technology Poland z siedzib\u0105 w Krakowie, ul. Plac Matejki 10\/6B, 31-157 Krak\u00f3w, KRS: 793639, NIP: 6762568191, REGON: 38383807700000,<\/li><li>Warsztaty &#8211; bezp\u0142atne zaj\u0119cia, maj\u0105ce charakter edukacyjny, przeznaczone dla Uczestnik\u00f3w, kt\u00f3rych wiek jest zgodny z kryteriami uczestnictwa. S\u0105 ukierunkowane na zdobycie umiej\u0119tno\u015bci programowania z wykorzystaniem bezp\u0142atnych aplikacji Gimp oraz Scratch,<\/li><li>Kandydat &#8211; Opiekun razem z dzieckiem, kt\u00f3ry poprzez wype\u0142nienie i wys\u0142anie formularzu uczestnictwa zg\u0142asza ch\u0119\u0107 udzia\u0142u w warsztatach,<\/li><li>Uczestnik &#8211; Opiekun wraz z dzieckiem, kt\u00f3rzy spe\u0142nili wymogi zawarte w niniejszym Regulaminie i tym samym zakwalifikowali si\u0119 do uczestnictwa w warsztatach,<\/li><li>Opiekun &#8211; osoba doros\u0142a, rodzic lub inny opiekun prawny osoby ma\u0142oletniej,<\/li><\/ol><\/li><li>Udzia\u0142 w warsztatach jest bezp\u0142atny. Organizator nie przewiduje r\u00f3wnie\u017c dodatkowych op\u0142at za skorzystanie z konsultacji.<\/li><li>Kryteria uczestnictwa w warsztatach:<ol><li>Udzia\u0142 jest przeznaczony dla dzieci klas 4-6 szko\u0142y podstawowej,<\/li><li>Podczas trwania warsztat\u00f3w uczestniczy\u0107 mog\u0105 w nich r\u00f3wnie\u017c Opiekunowie.<\/li><\/ol><\/li><li>Czas trwania:<ol><li>Cykl warsztat\u00f3w sk\u0142ada si\u0119 z 8 spotka\u0144, prowadzonych przez Internet, w formie online (z wykorzystaniem narz\u0119dzi video),<\/li><li>Ka\u017cdy warsztat trwa nie d\u0142u\u017cej ni\u017c 120 minut,<\/li><li>Warsztaty odbywa\u0107 si\u0119 b\u0119d\u0105 cyklicznie w nast\u0119puj\u0105ce dni: 19 maja, 26 maja, 2 czerwca, 9 czerwca, 16 czerwca, 23 czerwca, 30 czerwca, 7 lipca 2020 roku w podanym przedziale godzinowym: 17.30 &#8211; 19.30,<\/li><li>Po zako\u0144czeniu danego spotkania, Organizator przewiduje do 6-ciu godzin (liczone jako godziny zegarowe) konsultacji dla Uczestnik\u00f3w w ustalonych przez Organizatora terminach, zale\u017cnie od potrzeb uczestnik\u00f3w. O terminach konsultacji Organizator powiadamia Uczestnik\u00f3w drog\u0105 mailow\u0105.<\/li><\/ol><\/li><li>Dla Uczestnik\u00f3w, kt\u00f3rzy zrealizuj\u0105 co najmniej 75% uczestnictwa w warsztatach (tj. 6 spotka\u0144), Organizator wystawi w formie dokumentu .pdf imienne Za\u015bwiadczenia potwierdzaj\u0105ce uczestnictwo. Dodatkowo Uczestnicy spe\u0142niaj\u0105cy powy\u017csze kryterium b\u0119d\u0105 mieli prawo do wzi\u0119cia udzia\u0142u w konkursie na najlepszy projekt zrealizowany w ramach warsztat\u00f3w.<\/li><li>Szczeg\u00f3\u0142owe zasady udzia\u0142u w konkursie, o kt\u00f3rym mowa w pkt. 6, okre\u015bla Organizator w osobnym regulaminie, przes\u0142anym do Uczestnik\u00f3w drog\u0105 mailow\u0105 oraz opublikowanym na stronie <a href=\"http:\/\/www.womenintechnology.pl.\">www.womenintechnology.pl<\/a>.<\/li><\/ol>\n\n\n\n<p class=\"has-text-align-left\"><strong>\u00a72 Rekrutacja do projektu<\/strong><\/p>\n\n\n\n<ol><li>Rekrutacja prowadzona jest w terminie od 11 maja 2020 roku, od godziny 20.00 do 17 maja 2020 roku, do godziny 19:59:59 przez Organizatora. Zg\u0142oszenia nades\u0142ane po tym terminie, jednak nie p\u00f3\u017aniej ni\u017c do 18 maja 2020 roku, utworz\u0105 list\u0119 rezerwow\u0105 zg\u0142osze\u0144 wed\u0142ug kolejno\u015bci nades\u0142ania. W przypadku rezygnacji Uczestnika z udzia\u0142u w warsztacie, jego miejsce zajmuje pierwsza osoba na li\u015bcie rezerwowej.<\/li><li>Uczestnikiem warsztat\u00f3w mo\u017ce zosta\u0107 ka\u017cdy (zgodnie z \u00a71 pkt 3 Regulaminu), kogo Opiekun wype\u0142ni poprawnie formularz zg\u0142oszeniowy i prze\u015ble go do Organizatora w wyznaczonym czasie. Formularz rejestracyjny znajduje si\u0119 r\u00f3wnie\u017c na stronie internetowej Organizatora: <a href=\"http:\/\/www.womenintechnology.pl\">www.womenintechnology.pl<\/a>.&nbsp;<\/li><li>W warsztatach mo\u017ce wzi\u0105\u0107 udzia\u0142 nie wi\u0119cej ni\u017c 20 os\u00f3b. W przypadku, gdy ilo\u015b\u0107 zg\u0142osze\u0144 przewy\u017cszy ilo\u015b\u0107 dost\u0119pnych miejsc dla Uczestnik\u00f3w, decyduj\u0105ca b\u0119dzie kolejno\u015b\u0107 zg\u0142osze\u0144.&nbsp;<\/li><li>Uczestnicy podczas warsztat\u00f3w korzystaj\u0105 z w\u0142asnego sprz\u0119tu komputerowego oraz oprogramowania niezb\u0119dnego do realizacji za\u0142o\u017ce\u0144 warsztat\u00f3w. Organizator nie odpowiada za u\u017cywane przez Uczestnika oprogramowanie oraz za mo\u017cliwe problemy techniczne z tym zwi\u0105zane.<\/li><li>Do wykonywania zada\u0144 oraz realizacji za\u0142o\u017ce\u0144 warsztat\u00f3w, niezb\u0119dne jest zainstalowanie aktualnych aplikacji, znajduj\u0105cych si\u0119 bezpo\u015brednio na stronach ich tw\u00f3rc\u00f3w. Aktualne wersje aplikacji znajduj\u0105 si\u0119 pod adresem <a href=\"https:\/\/www.gimp.org\/downloads\/index-comments.html\">https:\/\/www.gimp.org\/downloads\/index-comments.html<\/a>, <a href=\"https:\/\/scratch.mit.edu\">https:\/\/scratch.mit.edu<\/a> oraz <a href=\"https:\/\/zoom.us\">https:\/\/zoom.us<\/a>.&nbsp;<\/li><\/ol>\n\n\n\n<p class=\"has-text-align-left\"><strong>\u00a73 Przebieg projektu<\/strong><\/p>\n\n\n\n<ol><li>Warsztaty s\u0105 przygotowane i b\u0119d\u0105 prowadzone przez trener\u00f3w na co dzie\u0144 pracuj\u0105cych w zawodzie programisty.<\/li><li>Warsztaty b\u0119d\u0105 prowadzone w oparciu o prac\u0119 w\u0142asn\u0105 Uczestnika. Celem udzia\u0142u w warsztatach jest przygotowanie gry tematycznie zwi\u0105zanej z recyklingiem.<\/li><li>Warsztaty b\u0119d\u0105 realizowane na podstawie programu przygotowanego przez Organizatora, dost\u0119pnego na stronie <a href=\"http:\/\/womenintechnology.pl\">http:\/\/womenintechnology.pl<\/a>.<\/li><li>Organizator ma prawo do wprowadzania zmian w programie i terminach warsztat\u00f3w.&nbsp;<\/li><li>Organizator nie odpowiada za u\u017cywane przez Uczestnika oprogramowanie oraz za mo\u017cliwe problemy techniczne z tym zwi\u0105zane.<\/li><li>Organizator nie ponosi odpowiedzialno\u015bci za skutki dzia\u0142ania si\u0142y wy\u017cszej, uniemo\u017cliwiaj\u0105ce lub utrudniaj\u0105ce przebieg warsztat\u00f3w, w szczeg\u00f3lno\u015bci awarie lub zak\u0142\u00f3cenia pracy urz\u0105dze\u0144 dostarczaj\u0105cych energi\u0119 elektryczn\u0105.&nbsp;<\/li><\/ol>\n\n\n\n<p class=\"has-text-align-left\"><strong>\u00a74 Rezygnacja z uczestnictwa<\/strong><\/p>\n\n\n\n<ol><li>Uczestnik ma prawo do rezygnacji z uczestnictwa w warsztacie na ka\u017cdym jego etapie. O tym fakcie Uczestnik zobowi\u0105zany jest niezw\u0142ocznie poinformowa\u0107 Organizatora drog\u0105 mailow\u0105 na adres e-mail: <a href=\"mailto:abielak@womenintechnology.pl\">abielak@womenintechnology.pl<\/a>.<\/li><li>Rezygnacja skutkuje utrat\u0105 prawa do otrzymania Za\u015bwiadczenia, o kt\u00f3rym mowa w \u00a71 pkt 6 Regulaminu.<\/li><li>Rezygnacja zg\u0142oszona w inny spos\u00f3b ni\u017c opisany w pkt. 1 (w szczeg\u00f3lno\u015bci za po\u015brednictwem komunikatora internetowego) nie b\u0119dzie skuteczna.<\/li><\/ol>\n\n\n\n<p class=\"has-text-align-left\"><strong>\u00a75 Przetwarzanie danych osobowych<\/strong><\/p>\n\n\n\n<ol><li>Administratorem danych osobowych Uczestnik\u00f3w oraz Opiekun\u00f3w prawnych jest Organizator \u2013 Stowarzyszenie Women in Technology Poland z siedzib\u0105 w Krakowie, ul. Plac Matejki 10\/6B, 31-157 Krak\u00f3w, KRS: 793639, NIP: 6762568191, REGON: 38383807700000, z kt\u00f3rym mo\u017cna kontaktowa\u0107 si\u0119 w spos\u00f3b wskazany w \u00a7 7 pkt. 4 Regulaminu.&nbsp;<\/li><li>Cel i zakres przetwarzania danych osobowych Uczestnik\u00f3w oraz Opiekun\u00f3w prawnych okre\u015bla zakres zg\u00f3d oraz uzupe\u0142nionych przez Uczestnika i\/lub odpowiednio Opiekuna prawnego danych przes\u0142anych za pomoc\u0105 odpowiedniego formularza.&nbsp;<\/li><li>Przetwarzanie danych osobowych mo\u017ce dotyczy\u0107:&nbsp;<\/li><\/ol>\n\n\n\n<ul><li> w przypadku Uczestnika: imienia, nazwiska, adresu poczty elektronicznej, adresu IP, adresu korespondencyjnego, wieku,<\/li><li>w przypadku Opiekuna prawnego: imienia, nazwiska, adresu poczty elektronicznej, adresu IP, adresu korespondencyjnego, numeru telefonu.<\/li><\/ul>\n\n\n\n<ol><li>Dane osobowe Uczestnika oraz Opiekuna prawnego b\u0119d\u0105 przetwarzane w nast\u0119puj\u0105cych celach:<\/li><\/ol>\n\n\n\n<ul><li>realizacji obowi\u0105zk\u00f3w wynikaj\u0105cych z przepis\u00f3w prawa \u2013 podstaw\u0105 prawn\u0105 jest ustawowe upowa\u017cnienie do przetwarzania danych niezb\u0119dnych w celu dzia\u0142ania zgodnego z prawem (art. 6 ust. 1 lit. c RODO),<\/li><li>podejmowania dzia\u0142a\u0144 promocyjnych i handlowych prowadzonych przez Organizatora w zwi\u0105zku z warsztatami \u2013 podstaw\u0105 prawn\u0105 przetwarzania jest prawnie uzasadniony interes realizowany przez Organizatora (art. 6 ust. 1 lit. f RODO) lub dobrowolna zgoda (art. 6 ust. 1 lit. a RODO).<\/li><\/ul>\n\n\n\n<ol><li>Dane osobowe b\u0119d\u0105 przetwarzane przez okres:<\/li><\/ol>\n\n\n\n<div class=\"wp-block-group\"><div class=\"wp-block-group__inner-container\">\n<ul><li>odpowiedni dla wykazania przez Organizatora prawid\u0142owego wykonania swoich zobowi\u0105za\u0144, przy czym czas ten odpowiada d\u0142ugo\u015bci terminu przedawnienia roszcze\u0144,<\/li><li>w przypadku dzia\u0142a\u0144 promocyjnych i marketingowych, do czasu wyra\u017cenia przez dan\u0105 osob\u0119 sprzeciwu wobec dalszego przetwarzania jej danych osobowych w celach marketingowych.<\/li><\/ul>\n<\/div><\/div>\n\n\n\n<ol><li>Po wy\u017cej wskazanym okresie dane osobowe b\u0119d\u0105 usuwane, o ile ich przetwarzanie nie b\u0119dzie konieczne w oparciu o inn\u0105 podstaw\u0119 prawn\u0105.<\/li><li>Organizator mo\u017ce powierza\u0107 przetwarzanie danych osobowych podmiotom trzecim w celu dope\u0142nienia wymog\u00f3w formalnych zwi\u0105zanych z organizacj\u0105 i promowaniem warsztat\u00f3w, jak r\u00f3wnie\u017c realizacji swoich uprawnie\u0144 lub obowi\u0105zk\u00f3w zwi\u0105zanych z przetwarzaniem. W\u00f3wczas odbiorcami danych mog\u0105 by\u0107: Facebook, hostingodawca, operator poczty elektronicznej.<\/li><li>Dane osobowe zgromadzone przez Organizatora mog\u0105 by\u0107 tak\u017ce udost\u0119pnione: odpowiednim organom pa\u0144stwowym na ich \u017c\u0105danie na podstawie odpowiednich przepis\u00f3w prawa lub innym osobom i podmiotom \u2013 w przypadkach przewidzianych przez przepisy prawa.<\/li><li>Ka\u017cdy podmiot, kt\u00f3remu Organizator powierza do przetwarzania dane osobowe, w oparciu o umow\u0119 powierzenia przetwarzanie danych osobowych (dalej \u201eUmowa powierzenia\u201d) gwarantuje odpowiedni poziom w zakresie bezpiecze\u0144stwa i poufno\u015bci przetwarzania danych osobowych. Podmiot przetwarzaj\u0105cy dane osobowe w oparciu o Umow\u0119 powierzenia mo\u017ce je przetwarza\u0107, za po\u015brednictwem innego podmiotu, wy\u0142\u0105cznie na podstawie uprzedniej zgody Organizatora.&nbsp;<\/li><li>W zwi\u0105zku z przetwarzaniem danych Uczestnik oraz Opiekun prawny maj\u0105 prawo do: (a) usuni\u0119cia danych osobowych zgromadzonych na jego temat zar\u00f3wno z&nbsp; systemu nale\u017c\u0105cego do Organizatora, jak i z baz podmiot\u00f3w, z kt\u00f3rymi wsp\u00f3\u0142pracuje lub wsp\u00f3\u0142pracowa\u0142 Organizator, (b) ograniczenia przetwarzania danych, (c) przenoszenia danych osobowych zgromadzonych przez Organizatora na jego temat, w tym do otrzymania ich w ustrukturyzowanej formie, (d) \u017c\u0105dania od Organizatora dost\u0119pu do swoich danych osobowych oraz ich sprostowania, (e) wniesienia sprzeciwu wobec przetwarzania, (f) cofni\u0119cia Organizatorowi zgody w dowolnym momencie bez wp\u0142ywu na zgodno\u015b\u0107 z prawem przetwarzania, kt\u00f3rego dokonano na podstawie zgody przed jej cofni\u0119ciem; (g) wniesienia skargi na Organizatora do organu nadzorczego (Prezesa Urz\u0119du Ochrony Danych Osobowych).<\/li><li>Organizator gwarantuje, \u017ce (uwzgl\u0119dniaj\u0105c stan wiedzy technicznej, koszt wdra\u017cania oraz charakter, zakres, kontekst i cele przetwarzania oraz ryzyko naruszenia praw lub wolno\u015bci os\u00f3b fizycznych o r\u00f3\u017cnym prawdopodobie\u0144stwie wyst\u0105pienia i wadze) wdro\u017cy\u0142 odpowiednie \u015brodki techniczne i organizacyjne, aby zapewni\u0107 stopie\u0144 bezpiecze\u0144stwa przetwarzania danych osobowych odpowiadaj\u0105cy w\u0142a\u015bciwemu ryzyku. Organizator zapewnia r\u00f3wnie\u017c przestrzeganie art. 28 ust. 2 i ust. 4 RODO.<\/li><\/ol>\n\n\n\n<p class=\"has-text-align-left\"><strong>\u00a76<\/strong> <strong>Prawa do kodu i innych utwor\u00f3w<\/strong><\/p>\n\n\n\n<ol><li>Uczestnik wyra\u017ca zgod\u0119 na nieodp\u0142atne wykorzystanie utwor\u00f3w (aplikacji, projekt\u00f3w i in.) wytworzonych w ramach warsztat\u00f3w do dzia\u0142a\u0144 promocyjnych Organizatora (zamieszczenie na stronie internetowej lub w innych mediach).<\/li><li>W przypadku braku zgody Uczestnik zobowi\u0105zany jest z\u0142o\u017cy\u0107 stosowne o\u015bwiadczenie w formie pisemnej przed rozpocz\u0119ciem zaj\u0119\u0107 warsztat\u00f3w na adres e-mail: abielak@womenintechnology.pl.<\/li><li>Ze wzgl\u0119du na to, \u017ce podczas warsztat\u00f3w mog\u0105 zosta\u0107 wykorzystane realne projekty i kod z firm, w kt\u00f3rych pracuj\u0105 lub pracowali trenerzy, Uczestnik powinien ka\u017cdorazowo uzyska\u0107 zgod\u0119 trenera na udost\u0119pnienie wykonywanych zada\u0144 w sieci Internet.<\/li><\/ol>\n\n\n\n<p class=\"has-text-align-left\"><strong>\u00a77<\/strong> <strong>Postanowienia ko\u0144cowe<\/strong><\/p>\n\n\n\n<ol><li>Organizator zastrzega sobie prawo do zmian niniejszego Regulaminu.<\/li><li>Regulamin, wraz z ewentualnymi zmianami, obowi\u0105zuje od momentu zamieszczenia na stronie<br> internetowej Organizatora.<\/li><li>W sprawach nieuregulowanych niniejszym Regulaminem zastosowanie maj\u0105 przepisy Kodeksu<br> Cywilnego.\u00a0<\/li><li>Uwagi oraz wszelkie pytania na temat warsztat\u00f3w Kandydat lub Uczestnik powinien kierowa\u0107 na adres e-mail: <a href=\"mailto:abielak@womenintechnology.pl\">abielak@womenintechnology.pl<\/a>.<\/li><\/ol>\n","protected":false},"excerpt":{"rendered":"<p>REGULAMIN CYKLU WARSZTAT\u00d3W ONLINE ORGANIZOWANYCH PRZEZ STOWARZYSZENIE WOMEN IN TECHNOLOGY POLAND \u00a71 Postanowienia og\u00f3lne Niniejszy dokument okre\u015bla zasady oraz warunki uczestnictwa w warsztatach online. Na potrzeby realizacji warsztat\u00f3w online, zosta\u0142y &#8230;<\/p>\n","protected":false},"author":1,"featured_media":0,"parent":0,"menu_order":0,"comment_status":"closed","ping_status":"closed","template":"template-fullwidth.php","meta":[],"_links":{"self":[{"href":"https:\/\/digit4kids.pl\/index.php\/wp-json\/wp\/v2\/pages\/2152"}],"collection":[{"href":"https:\/\/digit4kids.pl\/index.php\/wp-json\/wp\/v2\/pages"}],"about":[{"href":"https:\/\/digit4kids.pl\/index.php\/wp-json\/wp\/v2\/types\/page"}],"author":[{"embeddable":true,"href":"https:\/\/digit4kids.pl\/index.php\/wp-json\/wp\/v2\/users\/1"}],"replies":[{"embeddable":true,"href":"https:\/\/digit4kids.pl\/index.php\/wp-json\/wp\/v2\/comments?post=2152"}],"version-history":[{"count":11,"href":"https:\/\/digit4kids.pl\/index.php\/wp-json\/wp\/v2\/pages\/2152\/revisions"}],"predecessor-version":[{"id":2172,"href":"https:\/\/digit4kids.pl\/index.php\/wp-json\/wp\/v2\/pages\/2152\/revisions\/2172"}],"wp:attachment":[{"href":"https:\/\/digit4kids.pl\/index.php\/wp-json\/wp\/v2\/media?parent=2152"}],"curies":[{"name":"wp","href":"https:\/\/api.w.org\/{rel}","templated":true}]}}