{"id":2116,"date":"2020-04-09T20:59:37","date_gmt":"2020-04-09T20:59:37","guid":{"rendered":"https:\/\/digit4kids.pl\/?page_id=2116"},"modified":"2020-04-11T06:33:24","modified_gmt":"2020-04-11T06:33:24","slug":"regulamin-konkursu-digit-it-yourself","status":"publish","type":"page","link":"https:\/\/digit4kids.pl\/index.php\/regulamin-konkursu-digit-it-yourself\/","title":{"rendered":"Regulamin konkursu &#8220;Digit IT Yourself&#8221; z dnia 13.04.2020r."},"content":{"rendered":"\n<p class=\"has-text-color has-medium-font-size has-vivid-cyan-blue-color\"><strong>\u00a7 1. POSTANOWIENIA OG\u00d3LNE<\/strong><\/p>\n\n\n\n<p>&nbsp;1. Organizatorem konkursu na Facebook\u2019u (zwanym dalej \u201eKonkursem\u201d) jest Stowarzyszenie Women in Technology Poland z siedzib\u0105 w Krakowie, Plac Matejki 10\/6B, 31-157 Krak\u00f3w, KRS: 793639, NIP: 6762568191, REGON: 38383807700000 (zwana dalej \u201eOrganizatorem\u201d).<\/p>\n\n\n\n<p>2. Fundatorem nagr\u00f3d jest Organizator wraz z Partnerami Konkursu.<\/p>\n\n\n\n<p>3. Niniejszy regulamin (dalej \u201eRegulamin\u201d) okre\u015bla warunki Konkursu.<\/p>\n\n\n\n<p>4. Konkurs nie jest stworzony, przeprowadzony, administrowany, wspierany ani sponsorowany przez Facebook, przez co serwis Facebook jest zwolniony z odpowiedzialno\u015bci przez ka\u017cdego Uczestnika konkursu. Facebook jest znakiem towarowym zastrze\u017conym przez Facebook, Inc.<\/p>\n\n\n\n<p>5. Konkurs jest prowadzony na terenie Rzeczypospolitej Polskiej, poprzez stron\u0119: <a href=\"https:\/\/www.facebook.com\/Digit4Kids\/\">https:\/\/www.facebook.com\/Digit4Kids\/<\/a> \u200b(zwanej dalej \u201cFanpage\u201d).<\/p>\n\n\n\n<p>6. Konkurs ma na celu propagowanie w\u015br\u00f3d m\u0142odych os\u00f3b zainteresowanie nowymi technologiami oraz stymulacj\u0119 kreatywno\u015bci.<\/p>\n\n\n\n<p>7. Nadz\u00f3r nad prawid\u0142owo\u015bci\u0105 i przebiegiem Konkursu, tj. udzielaniem informacji na temat Konkursu oraz rozpatrywaniem reklamacji, sprawuje Organizator.  <\/p>\n\n\n\n<p>8. Nagrody w Konkursie zostan\u0105 przyznane 1 (jednemu) Uczestnikowi z danej kategorii, kt\u00f3ry w toku Konkursu, przes\u0142a\u0142 najlepszy projekt aktualnego logo konferencji Digit4Kids, wykonany w dowolnej formie plastycznej (rysunku, wycinanki, wyklejanki itp.), konstrukcji (z klock\u00f3w lub z innych materia\u0142\u00f3w)&nbsp; lub animacyjnej zaprogramowanej w dowolnym programie komputerowym, itp., pt. \u200b<strong><em>\u201eDigit IT Yourself!\u201d. <\/em><\/strong>\u200b<\/p>\n\n\n\n<p class=\"has-text-color has-medium-font-size has-vivid-cyan-blue-color\">\u00a7 2. UCZESTNICY KONKURSU\t<\/p>\n\n\n\n<p>1. Uczestnikami Konkursu mog\u0105 by\u0107 dzieci w przedziale wiekowym od 3&nbsp; do 15 uko\u0144czonego roku \u017cycia  i posiadaj\u0105ce aktywne konto w serwisie Facebook.com; kt\u00f3re zaakceptowa\u0142y niniejszy regulamin (dalej zwany: \u201eUczestnik\u201d). W przypadku Uczestnik\u00f3w, kt\u00f3rzy nie uko\u0144czyli jeszcze osiemnastego roku \u017cycia, udzia\u0142 w konkursie mo\u017ce nast\u0105pi\u0107 za po\u015brednictwem swoich prawnych opiekun\u00f3w, kt\u00f3rzy maj\u0105 aktywne konto w serwisie Facebook.com.<\/p>\n\n\n\n<p>2. Uczestnicy s\u0105 podzieleni na kategorie wiekowe (zwane dalej \u201eKategoriami\u201d):<\/p>\n\n\n\n<p>a. Pierwsza Kategoria: Uczestnicy w wieku od 3 (trzech) do 5 (pi\u0119ciu)&nbsp; uko\u0144czonych lat.<br>b. Druga Kategoria:&nbsp; Uczestnicy w wieku od 6 (sze\u015bciu) do 10 (dziesi\u0119ciu) uko\u0144czonych lat.<br>c. Trzecia Kategoria: Uczestnicy w wieku od 11 (jedenastu) do 15 (pi\u0119tnastu) uko\u0144czonych lat.<\/p>\n\n\n\n<p>3. Opiekun prawny o\u015bwiadcza, \u017ce:<br>a. zapozna\u0142 si\u0119 z tre\u015bci\u0105 niniejszego Regulaminu, a Uczestnik w spos\u00f3b dobrowolny przyst\u0119puje do Konkursu<\/p>\n\n\n\n<p>b. wyra\u017ca zgod\u0119 i akceptuje warunki Regulaminu, w tym zapozna\u0142 si\u0119 z tre\u015bci\u0105 dotycz\u0105c\u0105 procedury odbioru Nagrody i j\u0105 w pe\u0142ni akceptuje<\/p>\n\n\n\n<p>c. on oraz Uczestnik zobowi\u0105zuje si\u0119 do przestrzegania postanowie\u0144 Regulaminu, w tym r\u00f3wnie\u017c regulaminu Facebook<\/p>\n\n\n\n<p>d. on lub Uczestnik jest zarejestrowanym u\u017cytkownikiem portalu spo\u0142eczno\u015bciowego Facebook lub posiada dost\u0119p do innych \u015brodk\u00f3w przekazu Organizatora takich jak np. newsletter Organizatora&nbsp;<\/p>\n\n\n\n<p>e. konkursowa praca b\u0119dzie przygotowywana wy\u0142\u0105cznie w trakcie Konkursu, samodzielnie przez Uczestnika, kt\u00f3ry b\u0119dzie jej wy\u0142\u0105cznym autorem, oraz \u017ce dysponowa\u0107 on b\u0119dzie pe\u0142ni\u0105 praw autorskich do przygotowanego projektu logo<\/p>\n\n\n\n<p>4. W Konkursie nie mog\u0105 uczestniczy\u0107 pracownicy i wsp\u00f3\u0142pracownicy Organizatora. <\/p>\n\n\n\n<p>5. Wszelkie odniesienia w Regulaminie do Uczestnika maj\u0105 zastosowanie odpowiednio do Opiekuna prawnego takiego Uczestnika w zakresie, w jakim Opiekun prawny jest uprawniony zgodnie z przepisami prawa do podejmowania tego rodzaju czynno\u015bci oraz sk\u0142adania wskazanych w Regulaminie o\u015bwiadcze\u0144.<\/p>\n\n\n\n<p class=\"has-text-color has-medium-font-size has-vivid-cyan-blue-color\">\u00a7 3. NAGRODA\t<\/p>\n\n\n\n<p>1. W Konkursie przewidziano Nagrody za zaj\u0119cie I (pierwszego) miejsca dla 1 (jednej) osoby z danej Kategorii, kt\u00f3ra przes\u0142a\u0142a najlepszy projekt logo konkursu Digit4Kids, wy\u0142oniony w spos\u00f3b wskazany w \u00a76. Regulaminu.<\/p>\n\n\n\n<p>2. Nagroda przyznawana jest za pojedyncz\u0105 Prac\u0119 konkursow\u0105. Je\u017celi zatem dw\u00f3ch (lub wi\u0119cej) Uczestnik\u00f3w prze\u015ble jedn\u0105 Prac\u0119, w\u00f3wczas Nagroda przys\u0142uguje im \u0142\u0105cznie.<\/p>\n\n\n\n<p>3. Organizator mo\u017ce r\u00f3wnie\u017c przyzna\u0107 wyr\u00f3\u017cnienia dla dowolnej ilo\u015bci prac z ka\u017cdej Kategorii. Wyr\u00f3\u017cnione prace zostan\u0105 nagrodzone ksi\u0105\u017ck\u0105 i dyplomem.<\/p>\n\n\n\n<p>4. Opiekun prawny zobowi\u0105zuje si\u0119 do przekazania okre\u015blonej Nagrody Uczestnikowi, kt\u00f3ry b\u0119dzie autorem zwyci\u0119skiej Pracy konkursowej.<\/p>\n\n\n\n<p>5. Informacja o Nagrodach b\u0119dzie zawarta w tre\u015bci og\u0142oszenia o Konkursie opublikowanego w serwisie Facebook, na fanpage\u2019u <a href=\"https:\/\/www.facebook.com\/Digit4Kids\/\">https:\/\/www.facebook.com\/Digit4Kids\/<\/a><\/p>\n\n\n\n<p>6. Laureatowi nie przys\u0142uguje prawo wymiany Nagr\u00f3d na got\u00f3wk\u0119 ani nagrody innego rodzaju.<\/p>\n\n\n\n<p>7. Zwyci\u0119zca mo\u017ce zrzec si\u0119 Nagr\u00f3d, ale w zamian nie przys\u0142uguje mu ekwiwalent pieni\u0119\u017cny ani \u017cadna inna nagroda.<\/p>\n\n\n\n<p class=\"has-text-color has-medium-font-size has-vivid-cyan-blue-color\">\u00a7 4. MIEJSCE, CZAS I ZASADY KONKURSU<\/p>\n\n\n\n<p>1. Konkurs jest dost\u0119pny w formie og\u0142oszenia konkursowego (dalej: \u201epost konkursowy\u201d) na portalu spo\u0142eczno\u015bciowym Facebook na profilu Organizatora pod adresem <a href=\"https:\/\/www.facebook.com\/Digit4Kids\">https:\/\/www.facebook.com\/Digit4Kids<\/a><\/p>\n\n\n\n<p>2. Konkurs trwa od dnia 13 kwietnia 2020 r. od godz. 10:00 do dnia 27 kwietnia 2020 r. do godz. 10:00, co oznacza, i\u017c\u00a0 27 kwietnia 2020 r. do godz. 10:00 jest ostatecznym terminem na przesy\u0142anie Prac konkursowych. Organizator ma prawo przed\u0142u\u017cy\u0107 czas trwania Konkursu informuj\u0105c o tym na fanpage\u2019u Organizatora w serwisie Facebook.<\/p>\n\n\n\n<p class=\"has-text-color has-medium-font-size has-vivid-cyan-blue-color\">\u00a7 5. ZASADY UCZESTNICTWA W KONKURSIE&nbsp;<\/p>\n\n\n\n<p>1. Zadaniem Uczestnika Konkursu jest:<\/p>\n\n\n\n<p>a. <strong>Stworzenie projektu aktualnego logo Digit4Kids pt. <\/strong>\u200b<strong><em>\u201eDigit IT Yourself\u201d <\/em><\/strong>wykonany w dowolnej formie (zwana dalej \u201ePrac\u0105 konkursow\u0105\u201d) oraz<strong><em> <\/em><\/strong>przes\u0142anie projektu:<br>&#8211; na adres mailowy Organizatora: <a href=\"mailto:Digit4kids@womenintechnology.pl\">Digit4kids@womenintechnology.pl<\/a> wykonanej pracy konkursowej, w formie zdj\u0119cia lub linku przekierowuj\u0105cego do strony z projektem, oraz podanie wieku Uczestnika (rozumianego jako Autora projektu logo), lub<br>&#8211; udost\u0119pnienie w formie komentarza pod postem konkursowym opublikowanym na Fanpage\u2019u Organizatora: <a href=\"https:\/\/www.facebook.com\/Digit4Kids\">https:\/\/www.facebook.com\/Digit4Kids<\/a>, zdj\u0119cia wykonanego projektu logo, lub linku przekierowuj\u0105cego do strony z projektem wraz z wiekiem Uczestnika (rozumianego jako Autora projektu logo).&nbsp;<\/p>\n\n\n\n<p>b. Organizator sprawdza zgodno\u015b\u0107 nades\u0142anych Prac konkursowych z Regulaminem. Je\u015bli dana praca nie spe\u0142nia warunk\u00f3w wskazanych niniejszym Regulaminem, Organizator zobowi\u0105zany jest do odrzucenia Pracy konkursowej,<\/p>\n\n\n\n<p>c. Po dacie ko\u0144cowej na przesy\u0142anie&nbsp; Prac konkursu, spo\u015br\u00f3d Prac Konkursowych przes\u0142anych we w\u0142a\u015bciwym terminie, Organizator wybierze zwyci\u0119skie projekty tw\u00f3rczego przedstawienia projektu logo Digit4Kids.&nbsp;<\/p>\n\n\n\n<p>d. W czasie trwania Konkursu ka\u017cdy Uczestnik mo\u017ce przes\u0142a\u0107 tylko 1 (jedn\u0105) Prac\u0119 konkursow\u0105.<\/p>\n\n\n\n<p>e. Informacje o Zwyci\u0119zcy w Konkursie, zostan\u0105 opublikowane w terminie do 30 kwietnia 2020 r. do godziny 18:00 na fanpage\u2019u Organizatora, chyba \u017ce termin na przesy\u0142anie Prac konkursowych zostanie przed\u0142u\u017cony. W\u00f3wczas Organizator wska\u017ce r\u00f3wnie\u017c nowy termin podania informacji o zwyci\u0119zcy Konkursu.<\/p>\n\n\n\n<p>2.Informacje o Konkursie b\u0119d\u0105 dost\u0119pne na Facebooku pod adresem: <a href=\"https:\/\/www.facebook.com\/Digit4Kids\">https:\/\/www.facebook.com\/Digit4Kids<\/a><\/p>\n\n\n\n<p class=\"has-text-color has-medium-font-size has-vivid-cyan-blue-color\">\u00a7 6. WARUNKI UCZESTNICTWA W KONKURSIE I ODBIORU NAGR\u00d3D<\/p>\n\n\n\n<p>1. Dost\u0119p do Konkursu jest bezp\u0142atny i wymaga rejestracji na portalu spo\u0142eczno\u015bciowym Facebook, albo dost\u0119pu do innych \u015brodk\u00f3w przekazu Organizatora takich jak np. newsletter Organizatora.<\/p>\n\n\n\n<p>2. Warunkiem uczestnictwa w Konkursie jest zaakceptowanie Regulaminu oraz poprawne wykonanie wszystkich zada\u0144 opisanych w \u00a7 5. Ust. 1 Regulaminu.<\/p>\n\n\n\n<p>3. O przyznaniu nagr\u00f3d decyduje Organizator w drodze analizy Pracy konkursowej pod k\u0105tem:<br>&#8211; estetyki wykonania,&nbsp;<br>&#8211; z\u0142o\u017cono\u015bci pomys\u0142u,&nbsp;<br>&#8211; oryginalno\u015bci techniki wykonania,&nbsp;<br>&#8211; podej\u015bcia do problemu oraz&nbsp;<br>&#8211; ciekawo\u015bci wykonanego projektu logo Digit4Kids.<\/p>\n\n\n\n<p>4. Spo\u015br\u00f3d nades\u0142anych prac, Organizator wy\u0142oni jednego zwyci\u0119zc\u0119 z ka\u017cdej z Kategorii wiekowej.<\/p>\n\n\n\n<p>5. Zwyci\u0119zca Konkursu powinien skontaktowa\u0107 si\u0119 z Organizatorem za po\u015brednictwem wiadomo\u015bci prywatnej na Facebook\u2019u lub za po\u015brednictwem maila na adres: Digit4kids@womenintechnology.pl \u200bw celu ustalenia szczeg\u00f3\u0142\u00f3w odbioru Nagrody, w terminie 14 (czternastu) dni od dnia wy\u0142onienia przez Organizatora zwyci\u0119zc\u00f3w Konkursu.<\/p>\n\n\n\n<p>6. Publiczna informacja o wygranej zostanie r\u00f3wnie\u017c umieszczona w komentarzu do posta konkursowego na stronie \u200b<a href=\"https:\/\/www.facebook.com\/Digit4Kids\">https:\/\/www.facebook.com\/Digit4Kids<\/a><\/p>\n\n\n\n<p>7. Warunkiem odebrania nagr\u00f3d przez Zwyci\u0119zc\u0119 jest przes\u0142anie w spos\u00f3b i w terminie wskazanym w ust. 5 powy\u017cej, wiadomo\u015bci z nast\u0119puj\u0105cymi danymi:<br>-imi\u0119 i nazwisko osoby kontaktowej, upowa\u017cnionej do odbioru nagrody,&nbsp;<br>&#8211; adres korespondencyjny,<br>&#8211; numer telefonu,<br>&#8211; adres mailowy,&nbsp;<br>-imi\u0119 i nazwisko Uczestnika, kt\u00f3ry otrzyma pami\u0105tkowy dyplom z udzia\u0142u w Konkursie oraz Nagrod\u0119.<\/p>\n\n\n\n<p>8. Przyznane w Konkursie Nagrody zostan\u0105 wys\u0142ane autorom zwyci\u0119skich Prac konkursowych do 14 dni roboczych od dnia otrzymania przez Organizatora informacji, o kt\u00f3rej mowa w ust. 7.<\/p>\n\n\n\n<p>9. Nagrody zostan\u0105 wys\u0142ane za pomoc\u0105 firmy kurierskiej lub poczty polskiej, na adres wskazany przez Uczestnika. Koszt zwi\u0105zany z wysy\u0142k\u0105 ponosi Organizator. <\/p>\n\n\n\n<p class=\"has-text-color has-medium-font-size has-vivid-cyan-blue-color\">\u00a7 7. DODATKOWE WARUNKI KONKURSOWE<\/p>\n\n\n\n<p>1. Organizator nie ponosi odpowiedzialno\u015bci za rzetelno\u015b\u0107 i prawdziwo\u015b\u0107 danych Uczestnik\u00f3w Konkursu, w tym za skutki podania przez Uczestnika nieprawdziwego adresu do korespondencji.<\/p>\n\n\n\n<p>2. Organizator o\u015bwiadcza, \u017ce nie prowadzi kontroli, ani monitoringu tre\u015bci umieszczanych przez Uczestnik\u00f3w w zakresie rzetelno\u015bci i prawdziwo\u015bci, z zastrze\u017ceniem dzia\u0142a\u0144 zwi\u0105zanych z usuni\u0119ciem narusze\u0144 Regulaminu lub przepis\u00f3w powszechnie obowi\u0105zuj\u0105cych.<\/p>\n\n\n\n<p>3. Organizator zastrzega sobie prawo do wykluczenia z udzia\u0142u w Konkursie Uczestnik\u00f3w, kt\u00f3rych dzia\u0142ania s\u0105 sprzeczne z prawem lub Regulaminem oraz regulaminem Facebooka, w szczeg\u00f3lno\u015bci Uczestnik\u00f3w, kt\u00f3rzy:<\/p>\n\n\n\n<p>a. zamieszczaj\u0105 tre\u015bci lub Prace konkursowe niezgodne z obowi\u0105zuj\u0105cym prawem lub Regulaminem dost\u0119pnym na portalu Facebook (w szczeg\u00f3lno\u015bci zawieraj\u0105ce tre\u015bci obra\u017aliwe, zar\u00f3wno w warstwie tekstowej, jak i graficznej);<\/p>\n\n\n\n<p>b. podejmuj\u0105 dzia\u0142ania z wykorzystaniem konta\/profilu utworzonego niezgodnie z zasadami Facebooka;<\/p>\n\n\n\n<p>c. podejmuj\u0105 dzia\u0142ania z wykorzystaniem niezgodnych z zasadami Facebooka kont\/profili os\u00f3b trzecich;<\/p>\n\n\n\n<p>d. ingeruj\u0105 w mechanizm dzia\u0142ania Konkursu;<\/p>\n\n\n\n<p>e. tworz\u0105 fikcyjne konta\/profile w serwisie Facebook.<\/p>\n\n\n\n<p> <\/p>\n\n\n\n<p class=\"has-text-color has-medium-font-size has-vivid-cyan-blue-color\">\u00a7 8. PRZETWARZANIE DANYCH OSOBOWYCH<\/p>\n\n\n\n<p>1. Administratorem danych osobowych Uczestnik\u00f3w oraz Opiekun\u00f3w prawnych jest Organizator &#8211; Stowarzyszenie Women in Technology Poland z siedzib\u0105 w Krakowie, Plac Matejki 10\/6B, 31-157 Krak\u00f3w, KRS: 793639, NIP: 6762568191, REGON: 38383807700000, z kt\u00f3rym mo\u017cna kontaktowa\u0107 si\u0119 w spos\u00f3b wskazany w \u00a7 11 ust. 3 Regulaminu.&nbsp;<\/p>\n\n\n\n<p>2. Cel i zakres przetwarzania danych osobowych Uczestnik\u00f3w oraz Opiekun\u00f3w prawnych okre\u015bla zakres zg\u00f3d oraz uzupe\u0142nionych przez Uczestnika i\/lub odpowiednio Opiekuna prawnego danych przes\u0142anych za pomoc\u0105 odpowiedniego formularza.&nbsp;<\/p>\n\n\n\n<p>3. Przetwarzanie danych osobowych mo\u017ce dotyczy\u0107:&nbsp;<br>&#8211; w przypadku Uczestnika: imienia, nazwiska, adresu poczty elektronicznej, adresu IP, adresu korespondencyjnego, wieku;<br>w przypadku Opiekuna prawnego: imienia, nazwiska, adresu poczty elektronicznej, adresu IP, adresu korespondencyjnego, numeru telefonu.<\/p>\n\n\n\n<p>4. Dane osobowe Uczestnika oraz Opiekuna prawnego b\u0119d\u0105 przetwarzane w nast\u0119puj\u0105cych celach:<br>&#8211; realizacji obowi\u0105zk\u00f3w wynikaj\u0105cych z przepis\u00f3w prawa &#8211; podstaw\u0105 prawn\u0105 jest ustawowe upowa\u017cnienie do przetwarzania danych niezb\u0119dnych w celu dzia\u0142ania zgodnego z prawem (art. 6 ust. 1 lit. c RODO);<br>&#8211; podejmowania dzia\u0142a\u0144 promocyjnych i handlowych prowadzonych przez Organizatora w zwi\u0105zku z Konkursem \u2013 podstaw\u0105 prawn\u0105 przetwarzania jest prawnie uzasadniony interes realizowany przez Organizatora (art. 6 ust. 1 lit. f RODO) lub dobrowolna zgoda (art. 6 ust. 1 lit. a RODO).<\/p>\n\n\n\n<p>5. Dane osobowe b\u0119d\u0105 przetwarzane przez okres:<br>&#8211; odpowiedni dla wykazania przez Organizatora prawid\u0142owego wykonania swoich zobowi\u0105za\u0144, przy czym czas ten odpowiada d\u0142ugo\u015bci terminu przedawnienia roszcze\u0144;<br>&#8211; w przypadku dzia\u0142a\u0144 promocyjnych i marketingowych, do czasu wyra\u017cenia przez dan\u0105 osob\u0119 sprzeciwu wobec dalszego przetwarzania jej danych osobowych w celach marketingowych.<\/p>\n\n\n\n<p>6. Po wy\u017cej wskazanym okresie dane osobowe b\u0119d\u0105 usuwane, o ile ich przetwarzanie nie b\u0119dzie konieczne w oparciu o inn\u0105 podstaw\u0119 prawn\u0105.<\/p>\n\n\n\n<p>7. Organizator mo\u017ce powierza\u0107 przetwarzanie danych osobowych podmiotom trzecim w celu dope\u0142nienia wymog\u00f3w formalnych zwi\u0105zanych z otrzymaniem Nagr\u00f3d oraz organizacj\u0105 i promowaniem Konkursu, jak r\u00f3wnie\u017c realizacji swoich uprawnie\u0144 lub obowi\u0105zk\u00f3w zwi\u0105zanych z przetwarzaniem. W\u00f3wczas odbiorcami danych mog\u0105 by\u0107: Facebook, hostingodawca, operator poczty elektronicznej.<\/p>\n\n\n\n<p>8. Dane osobowe zgromadzone przez Organizatora mog\u0105 by\u0107 tak\u017ce udost\u0119pnione: odpowiednim organom pa\u0144stwowym na ich \u017c\u0105danie na podstawie odpowiednich przepis\u00f3w prawa lub innym osobom i podmiotom \u2013 w przypadkach przewidzianych przez przepisy prawa.<\/p>\n\n\n\n<p>9. Ka\u017cdy podmiot, kt\u00f3remu Organizator powierza do przetwarzania dane osobowe, w oparciu o umow\u0119 powierzenia przetwarzanie danych osobowych (dalej \u201eUmowa powierzenia\u201d) gwarantuje odpowiedni poziom w zakresie bezpiecze\u0144stwa i poufno\u015bci przetwarzania danych osobowych. Podmiot przetwarzaj\u0105cy dane osobowe w oparciu o Umow\u0119 powierzenia mo\u017ce je przetwarza\u0107, za po\u015brednictwem innego podmiotu, wy\u0142\u0105cznie na podstawie uprzedniej zgody Organizatora.&nbsp;<\/p>\n\n\n\n<p>10.  W zwi\u0105zku z przetwarzaniem danych Uczestnik oraz Opiekun prawny maj\u0105 prawo do: (a) usuni\u0119cia danych osobowych zgromadzonych na jego temat zar\u00f3wno z&nbsp; systemu nale\u017c\u0105cego do Organizatora, jak i z baz podmiot\u00f3w, z kt\u00f3rymi wsp\u00f3\u0142pracuje lub wsp\u00f3\u0142pracowa\u0142 Organizator, (b) ograniczenia przetwarzania danych, (c) przenoszenia danych osobowych zgromadzonych przez Organizatora na jego temat, w tym do otrzymania ich w ustrukturyzowanej formie, (d) \u017c\u0105dania od Organizatora dost\u0119pu do swoich danych osobowych oraz ich sprostowania, (e) wniesienia sprzeciwu wobec przetwarzania, (f) cofni\u0119cia Organizatorowi zgody w dowolnym momencie bez wp\u0142ywu na zgodno\u015b\u0107 z prawem przetwarzania, kt\u00f3rego dokonano na podstawie zgody przed jej cofni\u0119ciem; (g) wniesienia skargi na Organizatora do organu nadzorczego (Prezesa Urz\u0119du Ochrony Danych Osobowych).<\/p>\n\n\n\n<p>11. Organizator gwarantuje, \u017ce (uwzgl\u0119dniaj\u0105c stan wiedzy technicznej, koszt wdra\u017cania oraz charakter, zakres, kontekst i cele przetwarzania oraz ryzyko naruszenia praw lub wolno\u015bci os\u00f3b fizycznych o r\u00f3\u017cnym prawdopodobie\u0144stwie wyst\u0105pienia i wadze) wdro\u017cy\u0142 odpowiednie \u015brodki techniczne i organizacyjne, aby zapewni\u0107 stopie\u0144 bezpiecze\u0144stwa przetwarzania danych osobowych odpowiadaj\u0105cy w\u0142a\u015bciwemu ryzyku. Organizator zapewnia r\u00f3wnie\u017c przestrzeganie art. 28 ust. 2 i ust. 4 RODO.<\/p>\n\n\n\n<p class=\"has-text-color has-medium-font-size has-vivid-cyan-blue-color\">\u00a7 9. PRAWA W\u0141ASNO\u015aCI INTELEKTUALNEJ<\/p>\n\n\n\n<p>1. Wszelkie prawa w\u0142asno\u015bci intelektualnej do Konkursu oraz jego element\u00f3w sk\u0142adowych przys\u0142uguj\u0105 Organizatorowi. Uczestnictwo w Konkursie nie skutkuje w \u017cadnym zakresie nabyciem przez Uczestnik\u00f3w oraz Opiekun\u00f3w prawnych jakichkolwiek praw w\u0142asno\u015bci intelektualnej. Zabronione jest naruszanie w jakikolwiek spos\u00f3b praw w\u0142asno\u015bci intelektualnej w Konkursie, w szczeg\u00f3lno\u015bci:<br>&#8211; kopiowanie, modyfikowanie oraz transmitowanie elektronicznie lub rozpowszechnianie w inny spos\u00f3b mechanizmu Konkursu, lub jego cz\u0119\u015bci, a tak\u017ce poszczeg\u00f3lnych utwor\u00f3w i baz danych, bez wyra\u017anej pisemnej zgody Administratora;<br>&#8211; korzystanie z Konkursu w spos\u00f3b niezgodny z Regulaminem lub powszechnie obowi\u0105zuj\u0105cymi przepisami.<\/p>\n\n\n\n<p>2. Autorskie prawa maj\u0105tkowe w stosunku do rozwi\u0105za\u0144 opracowanych w ramach Konkursu w postaci Prac konkursowych pozostaj\u0105 przy Uczestnikach, z zastrze\u017ceniem, i\u017c z chwil\u0105 zg\u0142oszenia Pracy konkursowej Uczestnik udziela Organizatorowi niewy\u0142\u0105cznej, nieograniczonej terytorialnie i czasowo licencji z prawem sublicencji do takiego rozwi\u0105zania na nast\u0119puj\u0105cych polach eksploatacji: a. trwa\u0142e lub czasowe zwielokrotnianie rozwi\u0105zania w ca\u0142o\u015bci lub w cz\u0119\u015bci jakimikolwiek \u015brodkami i w jakiejkolwiek formie, b. t\u0142umaczenie, przystosowanie, zmiana uk\u0142adu oraz dokonywanie jakichkolwiek innych zmian, c. rozpowszechnianie, w tym u\u017cyczanie lub najem rozwi\u0105zania lub jego kopii, d. zezwalanie na wykonywanie przez osoby trzecie praw autorskich zale\u017cnych w stosunku do rozwi\u0105zania e. utrwalenie i zwielokrotnianie wszelkimi znanymi technikami, w tym technik\u0105 zapisu cyfrowego, magnetycznego, \u015bwiat\u0142oczu\u0142ego, elektronicznymi, wszelkimi technikami video, technikami poligraficznymi i drukarskimi, f. wprowadzenia do pami\u0119ci komputera i swobodnego udost\u0119pniania w sieciach komputerowych, w tym: Internet oraz Intranet \u2013 w szczeg\u00f3lno\u015bci przez sta\u0142e umieszczenie na publicznej stronie www ca\u0142o\u015bci dzie\u0142 lub ich cz\u0119\u015bci w spos\u00f3b umo\u017cliwiaj\u0105cy swobodne, wielokrotne kopiowanie ka\u017cdemu zainteresowanemu, g. wprowadzanie egzemplarzy i no\u015bnik\u00f3w oraz zwielokrotnionych egzemplarzy i no\u015bnik\u00f3w do obrotu, d. publiczne odtwarzanie, e. publiczne udost\u0119pnianie egzemplarzy i no\u015bnik\u00f3w, h. wystawienie, i. wy\u015bwietlanie, j. sporz\u0105dzanie wersji obcoj\u0119zycznych. k. zezwalanie na wykonywanie przez osoby trzecie praw autorskich zale\u017cnych w stosunku do Pracy konkursowej.<\/p>\n\n\n\n<p class=\"has-text-color has-medium-font-size has-vivid-cyan-blue-color\">\u00a7 10. REKLAMACJE I ZG\u0141OSZENIA NARUSZE\u0143<\/p>\n\n\n\n<p>1. Wszelkie reklamacje dotycz\u0105ce sposobu przeprowadzania Konkursu, Uczestnicy powinni zg\u0142asza\u0107 do Organizatora, w formie listownej, wiadomo\u015bci prywatnej na Facebooku w czasie trwania Konkursu lub na adres mailowy Digit4kids@womenintechnology.pl, jednak nie p\u00f3\u017aniej ni\u017c w terminie 3 (trzech) tygodni od dnia opublikowania informacji o przyznaniu Nagr\u00f3d.<\/p>\n\n\n\n<p>2. Reklamacja powinna zawiera\u0107 pe\u0142ne imi\u0119 i nazwisko osoby upowa\u017cnionej do reprezentowania Uczestnika (Opiekuna prawnego), dok\u0142adny adres Uczestnika, na kt\u00f3ry powinna by\u0107 przes\u0142ana odpowied\u017a na reklamacj\u0119, oraz dok\u0142adny opis i uzasadnienie reklamacji.<\/p>\n\n\n\n<p>&nbsp;3. Reklamacje rozpatrywane b\u0119d\u0105 w terminie 14 dni, w formie wskazanej w przez Uczestnika w reklamacji.<\/p>\n\n\n\n<p class=\"has-text-color has-medium-font-size has-vivid-cyan-blue-color\">\u00a7 11. POSTANOWIENIA KO\u0143COWE<\/p>\n\n\n\n<p>1. Regulamin wchodzi w \u017cycie z dniem 13 kwietni 2020 r. i obowi\u0105zuje do dnia realizacji wszystkich praw i obowi\u0105zk\u00f3w Uczestnik\u00f3w.<\/p>\n\n\n\n<p>2. Konkurs realizowany jest na podstawie i zgodnie z prawem polskim. W kwestiach nieuregulowanych niniejszym Regulaminem stosuje si\u0119 w szczeg\u00f3lno\u015bci przepisy Kodeksu cywilnego i inne przepisy prawa.<\/p>\n\n\n\n<p>3. Kontakt i spos\u00f3b porozumiewania z Organizatorem s\u0105 nast\u0119puj\u0105ce: (a) mailowo: digit4kids@womenintechnology.pl, (b) listownie, adres do korespondencji:Plac Matejki 10\/6B, 31-157 Krak\u00f3w.<\/p>\n\n\n\n<p>4. Uczestnik ma mo\u017cliwo\u015b\u0107 skorzystania z alternatywnych w stosunku do post\u0119powania s\u0105dowego sposob\u00f3w rozwi\u0105zywania spor\u00f3w (ADR), w szczeg\u00f3lno\u015bci poprzez mediacj\u0119, poprzez koncyliacj\u0119 lub w ramach arbitra\u017cu (s\u0105d polubowny). Lista instytucji, do kt\u00f3rych Uczestnik jako konsument mo\u017ce si\u0119 zwr\u00f3ci\u0107 o rozstrzygni\u0119cie spor\u00f3w w ramach ADR znajduje si\u0119 pod tym linkiem: http:\/\/ec.europa.eu\/consumers\/solving_consumer_disputes\/non-judicial_redress\/national-out-of-court-bodies\/index_en.htm.<\/p>\n\n\n\n<p>5. Uczestnik mo\u017ce r\u00f3wnie\u017c skorzysta\u0107 z pozas\u0105dowych sposob\u00f3w rozpatrywania reklamacji i dochodzenia roszcze\u0144 poprzez z\u0142o\u017cenie swojej skargi za po\u015brednictwem unijnej platformy internetowej ODR, dost\u0119pnej pod adresem: http:\/\/ec.europa.eu\/consumers\/odr\/.<\/p>\n\n\n\n<p>6. Je\u017celi Uczestnik nie chce skorzysta\u0107 z ADR ani ODR, wszelkie spory powsta\u0142e na gruncie Regulaminu b\u0119d\u0105 rozstrzygane przez s\u0105d powszechny, okre\u015blaj\u0105c w\u0142a\u015bciwo\u015b\u0107 s\u0105du, kierowa\u0107 si\u0119 nale\u017cy regu\u0142ami okre\u015blonymi we w\u0142a\u015bciwym Uczestnikowi b\u0119d\u0105cemu konsumentem akcie prawnym.&nbsp;<\/p>\n\n\n\n<p>7. Regulamin Konkursu dost\u0119pny jest na oficjalnej stronie Organizatora: <a href=\"https:\/\/digit4kids.pl\/index.php\/regulamin-konkursu-digit-it-yourself\/\">https:\/\/digit4kids.pl\/index.php\/regulamin-konkursu-digit-it-yourself\/<\/a><\/p>\n\n\n\n<p>8. Konkurs nie jest gr\u0105 losow\u0105 w rozumieniu art. 2 ustawy z dnia 19 listopada 2009 roku o grach losowych (Dz. U. Nr 201, poz. 1540 ze zm.).<\/p>\n","protected":false},"excerpt":{"rendered":"<p>\u00a7 1. POSTANOWIENIA OG\u00d3LNE &nbsp;1. Organizatorem konkursu na Facebook\u2019u (zwanym dalej \u201eKonkursem\u201d) jest Stowarzyszenie Women in Technology Poland z siedzib\u0105 w Krakowie, Plac Matejki 10\/6B, 31-157 Krak\u00f3w, KRS: 793639, NIP: &#8230;<\/p>\n","protected":false},"author":1,"featured_media":0,"parent":0,"menu_order":0,"comment_status":"closed","ping_status":"closed","template":"template-fullwidth.php","meta":[],"_links":{"self":[{"href":"https:\/\/digit4kids.pl\/index.php\/wp-json\/wp\/v2\/pages\/2116"}],"collection":[{"href":"https:\/\/digit4kids.pl\/index.php\/wp-json\/wp\/v2\/pages"}],"about":[{"href":"https:\/\/digit4kids.pl\/index.php\/wp-json\/wp\/v2\/types\/page"}],"author":[{"embeddable":true,"href":"https:\/\/digit4kids.pl\/index.php\/wp-json\/wp\/v2\/users\/1"}],"replies":[{"embeddable":true,"href":"https:\/\/digit4kids.pl\/index.php\/wp-json\/wp\/v2\/comments?post=2116"}],"version-history":[{"count":29,"href":"https:\/\/digit4kids.pl\/index.php\/wp-json\/wp\/v2\/pages\/2116\/revisions"}],"predecessor-version":[{"id":2149,"href":"https:\/\/digit4kids.pl\/index.php\/wp-json\/wp\/v2\/pages\/2116\/revisions\/2149"}],"wp:attachment":[{"href":"https:\/\/digit4kids.pl\/index.php\/wp-json\/wp\/v2\/media?parent=2116"}],"curies":[{"name":"wp","href":"https:\/\/api.w.org\/{rel}","templated":true}]}}